{"id":6075,"date":"2020-10-19T11:49:47","date_gmt":"2020-10-19T11:49:47","guid":{"rendered":"https:\/\/lukenzou.lt\/?page_id=6075"},"modified":"2022-10-26T18:27:01","modified_gmt":"2022-10-26T15:27:01","slug":"parasyk","status":"publish","type":"page","link":"https:\/\/lukenzou.lt\/index.php\/parasyk\/","title":{"rendered":"Para\u0161yk man"},"content":{"rendered":"<p>[vc_section css=&#8221;.vc_custom_1603618919496{background-image: url(https:\/\/lukenzou.lt\/wp-content\/uploads\/2020\/10\/brooklyn-team-section-bg.jpg?id=6337) !important;background-position: center !important;background-repeat: no-repeat !important;background-size: cover !important;}&#8221;][vc_row delay=&#8221;true&#8221; el_name=&#8221;Column has BG Image \/ Row has animation&#8221; effect=&#8221;fadeIn&#8221;][vc_column]<div class=\"wpb_content_element \"><style type=\"text\/css\">#ut_header_6a061fea798b5 h1.section-title { font-size:80px !important;line-height:90px !important;letter-spacing:-0.03em; }<\/style><header id=\"ut_header_6a061fea798b5\" class=\"section-header  ut-no-lead-linebreak-mobile pt-style-7 header-left header-tablet-left header-mobile-center element-with-custom-line-height\"><div class=\"element-with-custom-line-height\" ><h1 data-title=\"Bendraukime!\"  data-responsive-font=\"section_title\" data-responsive-font-settings=\"{&quot;base-font-size&quot;:&quot;80&quot;,&quot;font-size-unit&quot;:&quot;px&quot;,&quot;font-size&quot;:{&quot;desktop_large&quot;:&quot;80&quot;},&quot;base-line-height&quot;:&quot;90&quot;,&quot;line-height-unit&quot;:&quot;px&quot;,&quot;line-height&quot;:{&quot;desktop_large&quot;:&quot;90&quot;},&quot;base-letter-spacing&quot;:&quot;global&quot;,&quot;letter-spacing&quot;:{&quot;desktop_large&quot;:&quot;-0.03&quot;}}\" class=\"section-title  \"><span>Bendraukime!<\/span><\/h1><\/div><div data-delay=\"0\" class=\"lead \"><p>Para\u0161ykite man el. pa\u0161tu, soc. tinklais arba paskambinkite<\/p>\n<\/div><\/header><\/div>[\/vc_column][\/vc_row][vc_row delay=&#8221;true&#8221; effect=&#8221;fadeIn&#8221; el_name=&#8221;Row has animation&#8221;][vc_column width=&#8221;5\/12&#8243;]<div class=\"wpb_content_element \"><style class=\"bklyn-inline-styles\" type=\"text\/css\">#ut_fl_6a061fea7bc75375700392.bklyn-fancy-list { font-size: 25px !important; }#ut_fl_6a061fea7bc75375700392.bklyn-fancy-list { line-height: 45px !important; }#ut_fl_6a061fea7bc75375700392.bklyn-fancy-list li .fa { font-size: 25px; }#ut_fl_6a061fea7bc75375700392 .fa { color: #ec297b; }#ut_fl_6a061fea7bc75375700392 a .fa { color: #ec297b; }#ut_fl_6a061fea7bc75375700392 a:visited .fa { color: #ec297b; }#ut_fl_6a061fea7bc75375700392 { color: #0a0a0a; }#ut_fl_6a061fea7bc75375700392 a { color: #0a0a0a; }#ut_fl_6a061fea7bc75375700392 a:visited { color: #0a0a0a; }#ut_fl_6a061fea7bc75375700392 a:hover .fa { color: #ec297b; }#ut_fl_6a061fea7bc75375700392 a:focus .fa { color: #ec297b; }#ut_fl_6a061fea7bc75375700392 a:active .fa { color: #ec297b; }#ut_fl_6a061fea7bc75375700392 a:hover { color: #ec297b; }#ut_fl_6a061fea7bc75375700392 a:focus { color: #ec297b; }#ut_fl_6a061fea7bc75375700392 a:active { color: #ec297b; }<\/style><div id=\"ut_fl_6a061fea7bc75375700392\" class=\"bklyn-fancy-list  bklyn-fancy-list-left bklyn-fancy-list-tablet-left bklyn-fancy-list-mobile-center\"><ul class=\"bklyn-list bklyn-list-style-none\" data-appear-top-offset=\"almost\"><li class=\"bklyn-list-item-space-xsmall bklyn-fancy-list-item-has-icon bklyn-fancy-list-item-has-icon-center\"><a title=\"\" href=\"mailto:lukenzou@yahoo.com\" target=\" _blank\" ><i class=\"fa fa-envelope-square\"><\/i><div class=\"bklyn-fancy-list-content\"><span style=\"font-weight: bold\">lukenzou@yahoo.com<\/span><\/div><\/a><\/li><li class=\"bklyn-list-item-space-xsmall bklyn-fancy-list-item-has-icon bklyn-fancy-list-item-has-icon-center\"><a title=\"\" href=\"tel:+37062205336\" target=\" _blank\" ><i class=\"fa fa-phone-square\"><\/i><div class=\"bklyn-fancy-list-content\"><span style=\"font-weight: bold\">+370 622 05336<\/span><\/div><\/a><\/li><\/ul><\/div><\/div><style type=\"text\/css\">#ut_custom_heading6a061fea7bcea { font-size:18px !important;line-height:30px !important; }#ut_custom_heading6a061fea7bcea { text-align:left; }@media (min-width: 768px) and (max-width: 1024px) { #ut_custom_heading6a061fea7bcea { text-align:left; } }@media (max-width: 767px) { #ut_custom_heading6a061fea7bcea { text-align:left; } }<\/style><h3 id=\"ut_custom_heading6a061fea7bcea\" data-responsive-font=\"h3\" data-responsive-font-settings=\"{&quot;base-font-size&quot;:&quot;global&quot;,&quot;font-size&quot;:{&quot;desktop_large&quot;:&quot;18&quot;},&quot;base-line-height&quot;:&quot;global&quot;,&quot;line-height&quot;:{&quot;desktop_large&quot;:&quot;30&quot;},&quot;base-letter-spacing&quot;:&quot;global&quot;}\" class=\"ut-custom-heading-module  \" ><span class=\"\" >Sekite mane<\/span><\/h3><div class=\"wpb_content_element \"><style class=\"bklyn-inline-styles\" type=\"text\/css\">#ut_sf_6a061fea7bd22 { font-size: 35px; }<\/style><ul id=\"ut_sf_6a061fea7bd22\" class=\"ut-social-follow-module  ut-social-follow-module-left ut-social-follow-module-tablet-left ut-social-follow-module-mobile-center ut-social-follow-module-40 Pixel\" data-settings=\"{&quot;animate&quot;:false,&quot;effect&quot;:&quot;&quot;,&quot;delay_animation&quot;:false,&quot;global_delay_animation&quot;:false,&quot;delay_timer&quot;:100,&quot;global_delay_timer&quot;:100}\"><li  class=\"ut-social-follow-0 ut-social-follow-icon-only \"><a class=\"ut-social-follow-link\" title=\"\" href=\"https:\/\/www.instagram.com\/lukenzou\/\" target=\" _blank\" ><i class=\"fa fa-instagram\"><\/i><\/a><\/li><li  class=\"ut-social-follow-1 ut-social-follow-icon-only \"><a class=\"ut-social-follow-link\" title=\"\" href=\"https:\/\/www.facebook.com\/lukenz0u\/\" target=\" _blank\" ><i class=\"fa fa-facebook\"><\/i><\/a><\/li><li  class=\"ut-social-follow-2 ut-social-follow-icon-only \"><a class=\"ut-social-follow-link\" title=\"\" href=\"https:\/\/twitter.com\/lukenzou\" target=\"_self\" rel=\"nofollow\"><i class=\"fa fa-twitter\"><\/i><\/a><\/li><\/ul><\/div>[\/vc_column][vc_column width=&#8221;5\/12&#8243;]<div id=\"ut_cf7_colors_6a061fea7bd53\" class=\"wpb_content_element ut-cf7-dark-skin  vc_custom_1666792581829\"><div class=\"wpcf7 no-js\" id=\"wpcf7-f7-o1\" lang=\"en-US\" dir=\"ltr\">\n<div class=\"screen-reader-response\"><p role=\"status\" aria-live=\"polite\" aria-atomic=\"true\"><\/p> <ul><\/ul><\/div>\n<form action=\"\/index.php\/wp-json\/wp\/v2\/pages\/6075#wpcf7-f7-o1\" method=\"post\" class=\"wpcf7-form init\" aria-label=\"Contact form\" enctype=\"multipart\/form-data\" novalidate=\"novalidate\" data-status=\"init\">\n<div style=\"display: none;\">\n<input type=\"hidden\" name=\"_wpcf7\" value=\"7\" \/>\n<input type=\"hidden\" name=\"_wpcf7_version\" value=\"5.7.1\" \/>\n<input type=\"hidden\" name=\"_wpcf7_locale\" value=\"en_US\" \/>\n<input type=\"hidden\" name=\"_wpcf7_unit_tag\" value=\"wpcf7-f7-o1\" \/>\n<input type=\"hidden\" name=\"_wpcf7_container_post\" value=\"0\" \/>\n<input type=\"hidden\" name=\"_wpcf7_posted_data_hash\" value=\"\" \/>\n<input type=\"hidden\" name=\"_wpcf7_recaptcha_response\" value=\"\" \/>\n<\/div>\n<p><label> J\u016bs\u0173 vardas<br \/>\n<span class=\"wpcf7-form-control-wrap\" data-name=\"your-name\"><input size=\"40\" class=\"wpcf7-form-control wpcf7-text wpcf7-validates-as-required\" aria-required=\"true\" aria-invalid=\"false\" value=\"\" type=\"text\" name=\"your-name\" \/><\/span> <\/label>\n<\/p>\n<p><label> J\u016bs\u0173 el. pa\u0161tas<br \/>\n<span class=\"wpcf7-form-control-wrap\" data-name=\"your-email\"><input size=\"40\" class=\"wpcf7-form-control wpcf7-text wpcf7-email wpcf7-validates-as-required wpcf7-validates-as-email\" aria-required=\"true\" aria-invalid=\"false\" value=\"\" type=\"email\" name=\"your-email\" \/><\/span> <\/label>\n<\/p>\n<p><label> Tema<br \/>\n<span class=\"wpcf7-form-control-wrap\" data-name=\"your-subject\"><input size=\"40\" class=\"wpcf7-form-control wpcf7-text wpcf7-validates-as-required\" aria-required=\"true\" aria-invalid=\"false\" value=\"\" type=\"text\" name=\"your-subject\" \/><\/span> <\/label>\n<\/p>\n<p><label> J\u016bs\u0173 \u017einut\u0117<br \/>\n<span class=\"wpcf7-form-control-wrap\" data-name=\"your-message\"><textarea cols=\"40\" rows=\"10\" class=\"wpcf7-form-control wpcf7-textarea\" aria-invalid=\"false\" name=\"your-message\"><\/textarea><\/span> <\/label>\n<\/p>\n<p><span class=\"wpcf7-form-control-wrap\" data-name=\"yourfile\"><input size=\"40\" class=\"wpcf7-form-control wpcf7-file\" accept=\".zip,.rar,.jpg,.png\" aria-invalid=\"false\" type=\"file\" name=\"yourfile\" \/><\/span>\n<\/p>\n<p><input class=\"wpcf7-form-control has-spinner wpcf7-submit\" type=\"submit\" value=\"Si\u0173sti\" \/>\n<\/p><div class=\"wpcf7-response-output\" aria-hidden=\"true\"><\/div><\/form><\/div><\/div>[\/vc_column][vc_column width=&#8221;1\/6&#8243;][\/vc_column][\/vc_row][\/vc_section]<\/p>\n","protected":false},"excerpt":{"rendered":"<p>[vc_section css=&#8221;.vc_custom_1603618919496{background-image: url(https:\/\/lukenzou.lt\/wp-content\/uploads\/2020\/10\/brooklyn-team-section-bg.jpg?id=6337) !important;background-position: center !important;background-repeat: no-repeat !important;background-size: cover !important;}&#8221;][vc_row delay=&#8221;true&#8221; el_name=&#8221;Column has BG Image \/ Row has animation&#8221; effect=&#8221;fadeIn&#8221;][vc_column][\/vc_column][\/vc_row][vc_row delay=&#8221;true&#8221; effect=&#8221;fadeIn&#8221; el_name=&#8221;Row has animation&#8221;][vc_column width=&#8221;5\/12&#8243;][\/vc_column][vc_column width=&#8221;5\/12&#8243;][\/vc_column][vc_column width=&#8221;1\/6&#8243;][\/vc_column][\/vc_row][\/vc_section]<\/p>\n","protected":false},"author":1,"featured_media":0,"parent":0,"menu_order":0,"comment_status":"closed","ping_status":"closed","template":"","meta":{"om_disable_all_campaigns":false,"_mi_skip_tracking":false},"aioseo_notices":[],"_links":{"self":[{"href":"https:\/\/lukenzou.lt\/index.php\/wp-json\/wp\/v2\/pages\/6075"}],"collection":[{"href":"https:\/\/lukenzou.lt\/index.php\/wp-json\/wp\/v2\/pages"}],"about":[{"href":"https:\/\/lukenzou.lt\/index.php\/wp-json\/wp\/v2\/types\/page"}],"author":[{"embeddable":true,"href":"https:\/\/lukenzou.lt\/index.php\/wp-json\/wp\/v2\/users\/1"}],"replies":[{"embeddable":true,"href":"https:\/\/lukenzou.lt\/index.php\/wp-json\/wp\/v2\/comments?post=6075"}],"version-history":[{"count":9,"href":"https:\/\/lukenzou.lt\/index.php\/wp-json\/wp\/v2\/pages\/6075\/revisions"}],"predecessor-version":[{"id":6814,"href":"https:\/\/lukenzou.lt\/index.php\/wp-json\/wp\/v2\/pages\/6075\/revisions\/6814"}],"wp:attachment":[{"href":"https:\/\/lukenzou.lt\/index.php\/wp-json\/wp\/v2\/media?parent=6075"}],"curies":[{"name":"wp","href":"https:\/\/api.w.org\/{rel}","templated":true}]}}