{"id":4801,"date":"2020-02-22T22:03:16","date_gmt":"2020-02-22T22:03:16","guid":{"rendered":"https:\/\/lukenzou.lt\/?page_id=4801"},"modified":"2022-11-16T13:00:01","modified_gmt":"2022-11-16T11:00:01","slug":"home-2-2","status":"publish","type":"page","link":"https:\/\/lukenzou.lt\/","title":{"rendered":"Pagrindinis"},"content":{"rendered":"<p>[vc_section el_name=&#8221;Note: You will find the other content inside the CONTENT BLOCKS&#8221; bklyn_section_anchor_id=&#8221;Clients&#8221;][vc_row delay=&#8221;true&#8221; effect=&#8221;fadeIn&#8221; el_name=&#8221;Row has animation&#8221;][vc_column offset=&#8221;vc_col-lg-offset-2 vc_col-lg-8&#8243;]<div class=\"wpb_content_element  vc_custom_1666790317967\"><style type=\"text\/css\">#ut_header_6a05f38b43752 h2.section-title { font-size:35px !important;line-height:50px !important;letter-spacing:-0.03em; }<\/style><header id=\"ut_header_6a05f38b43752\" class=\"section-header  ut-no-title-linebreak-mobile ut-no-title-linebreak-tablet ut-no-lead-linebreak-mobile ut-no-lead-linebreak-tablet pt-style-7 header-center header-tablet-center header-mobile-center element-with-custom-line-height\"><div class=\"element-with-custom-line-height\" ><h2 data-title=\"\u201eDaiktus galime matyti, bet negalime j\u0173 suvokti, o id\u0117jas, prie\u0161ingai, galime suvokti, bet negalime j\u0173 matyti\u201c - Platonas\"  data-responsive-font=\"section_title\" data-responsive-font-settings=\"{&quot;base-font-size&quot;:&quot;35&quot;,&quot;font-size-unit&quot;:&quot;px&quot;,&quot;font-size&quot;:{&quot;desktop_large&quot;:&quot;35&quot;},&quot;base-line-height&quot;:&quot;50&quot;,&quot;line-height-unit&quot;:&quot;px&quot;,&quot;line-height&quot;:{&quot;desktop_large&quot;:&quot;50&quot;},&quot;base-letter-spacing&quot;:&quot;global&quot;,&quot;letter-spacing&quot;:{&quot;desktop_large&quot;:&quot;-0.03&quot;}}\" class=\"section-title  \"><span>\u201eDaiktus galime matyti, bet negalime j\u0173 suvokti, o id\u0117jas, prie\u0161ingai, galime suvokti, bet negalime j\u0173 matyti\u201c - Platonas<\/span><\/h2><\/div><\/header><\/div>[vc_empty_space height=&#8221;20px&#8221; tablet_height=&#8221;0&#8243; mobile_height=&#8221;0&#8243;]<div class=\"wpb_content_element  vc_custom_1666790222418\"><style type=\"text\/css\">#ut_header_6a05f38b45f2c h2.section-title { font-size:50px !important;line-height:60px !important;letter-spacing:-0.03em; }<\/style><header id=\"ut_header_6a05f38b45f2c\" class=\"section-header  ut-no-title-linebreak-mobile ut-no-title-linebreak-tablet ut-no-lead-linebreak-mobile ut-no-lead-linebreak-tablet pt-style-7 header-center header-tablet-center header-mobile-center element-with-custom-line-height\"><div data-delay=\"0\" class=\"lead \"><p><b>A\u0161 stengiuosi, kad tas id\u0117jas gal\u0117tume \u012fgyvendinti ir paversti daiktais<\/b><\/p>\n<\/div><\/header><\/div>[vc_empty_space height=&#8221;80px&#8221; tablet_height=&#8221;0&#8243; mobile_height=&#8221;0&#8243;][\/vc_column][\/vc_row][vc_row el_name=&#8221;Columns have animations&#8221;][vc_column width=&#8221;1\/3&#8243; delay=&#8221;true&#8221; effect=&#8221;fadeIn&#8221; delay_timer=&#8221;250&#8243;]<div class=\"wpb_content_element \"><style type=\"text\/css\">#ut_sq_6a05f38b46363 .ut-st div.ut-st-name { color: #151515; }#ut_sq_6a05f38b46363 .ut-st div.ut-st-name { font-weight: 600; }#ut_sq_6a05f38b46363 .ut-st p.ut-st-subtitle { color: #999999; }#ut_sq_6a05f38b46363 .ut-st p.ut-st-subtitle { font-weight: 400; }#ut_sq_6a05f38b46363 .ut-st-date { color: #999999; }#ut_sq_6a05f38b46363 .ut-rated i { color: #ec297b; }#ut_sq_6a05f38b46363 .ut-st-header{ border-color: #dddddd; }<\/style><div id=\"ut_sq_6a05f38b46363\" class=\" clearfix  bklyn-single-testimonial bklyn-single-testimonial-style-2\"><div class=\"ut-st\"><header class=\"ut-st-header\"><h3 class=\"ut-st-title\">Profesionalu, draugi\u0161ka ir greita<\/h3><span class=\"ut-st-date\">2018.10.03<\/span><\/header><p>Profesionalus, draugi\u0161kas ir greitas aptarnavimas. Padarytu darbu likau patenkintas bei stipriai su\u017eav\u0117tas. Rekomenduoju!!! \ud83d\ude42<\/p><div class=\"ut-st-meta-wrap clearfix\"><figure  class=\"ut-st-avatar \"><img alt=\"Mantvydas\" src=\"https:\/\/lukenzou.lt\/wp-content\/uploads\/2022\/10\/75204432_2561995753856586_5875015133461217280_n-160x160.jpg\" \/><\/figure><div class=\"ut-st-data-wrap\"><div class=\"ut-st-name\">Mantvydas<\/div><p class=\"ut-st-subtitle\">lukenzou.lt klientas<\/p><div class=\"ut-st-rating\"><ul><li class=\"ut-rated\"><i class=\"fa fa-star\"><\/i><\/li><li class=\"ut-rated\"><i class=\"fa fa-star\"><\/i><\/li><li class=\"ut-rated\"><i class=\"fa fa-star\"><\/i><\/li><li class=\"ut-rated\"><i class=\"fa fa-star\"><\/i><\/li><li class=\"ut-rated\"><i class=\"fa fa-star\"><\/i><\/li><\/ul><\/div><\/div><\/div><\/div><\/div><\/div>[\/vc_column][vc_column width=&#8221;1\/3&#8243; delay=&#8221;true&#8221; effect=&#8221;fadeIn&#8221; delay_timer=&#8221;250&#8243;]<div class=\"wpb_content_element \"><style type=\"text\/css\">#ut_sq_6a05f38b466dd .ut-st div.ut-st-name { color: #151515; }#ut_sq_6a05f38b466dd .ut-st div.ut-st-name { font-weight: 600; }#ut_sq_6a05f38b466dd .ut-st p.ut-st-subtitle { color: #999999; }#ut_sq_6a05f38b466dd .ut-st p.ut-st-subtitle { font-weight: 400; }#ut_sq_6a05f38b466dd .ut-st-date { color: #999999; }#ut_sq_6a05f38b466dd .ut-rated i { color: #ec297b; }#ut_sq_6a05f38b466dd .ut-st-header{ border-color: #dddddd; }<\/style><div id=\"ut_sq_6a05f38b466dd\" class=\" clearfix  bklyn-single-testimonial bklyn-single-testimonial-style-2\"><div class=\"ut-st\"><header class=\"ut-st-header\"><h3 class=\"ut-st-title\">Kokyb\u0117, profesionalumas, gera kaina!<\/h3><span class=\"ut-st-date\">2018.11.21<\/span><\/header><p>Paslaugos teikiamos greitai ir kokybi\u0161kai, atsi\u017evelgiama \u012f norus, vizijas. A\u010di\u016b<\/p><div class=\"ut-st-meta-wrap clearfix\"><figure  class=\"ut-st-avatar \"><img alt=\"Edita\" src=\"https:\/\/lukenzou.lt\/wp-content\/uploads\/2022\/10\/247162408_10223872589875822_8886803350712768846_n-160x160.jpg\" \/><\/figure><div class=\"ut-st-data-wrap\"><div class=\"ut-st-name\">Edita<\/div><p class=\"ut-st-subtitle\">lukenzou.lt klient\u0117<\/p><div class=\"ut-st-rating\"><ul><li class=\"ut-rated\"><i class=\"fa fa-star\"><\/i><\/li><li class=\"ut-rated\"><i class=\"fa fa-star\"><\/i><\/li><li class=\"ut-rated\"><i class=\"fa fa-star\"><\/i><\/li><li class=\"ut-rated\"><i class=\"fa fa-star\"><\/i><\/li><li class=\"ut-rated\"><i class=\"fa fa-star\"><\/i><\/li><\/ul><\/div><\/div><\/div><\/div><\/div><\/div>[\/vc_column][vc_column width=&#8221;1\/3&#8243; delay=&#8221;true&#8221; effect=&#8221;fadeIn&#8221; delay_timer=&#8221;750&#8243;]<div class=\"wpb_content_element \"><style type=\"text\/css\">#ut_sq_6a05f38b469c7 .ut-st div.ut-st-name { color: #151515; }#ut_sq_6a05f38b469c7 .ut-st div.ut-st-name { font-weight: 600; }#ut_sq_6a05f38b469c7 .ut-st p.ut-st-subtitle { color: #999999; }#ut_sq_6a05f38b469c7 .ut-st p.ut-st-subtitle { font-weight: 400; }#ut_sq_6a05f38b469c7 .ut-st-date { color: #999999; }#ut_sq_6a05f38b469c7 .ut-rated i { color: #ec297b; }#ut_sq_6a05f38b469c7 .ut-st-header{ border-color: #dddddd; }<\/style><div id=\"ut_sq_6a05f38b469c7\" class=\" clearfix  bklyn-single-testimonial bklyn-single-testimonial-style-2\"><div class=\"ut-st\"><header class=\"ut-st-header\"><h3 class=\"ut-st-title\">D\u017eiaugiuosi surad\u0119s<\/h3><span class=\"ut-st-date\">2019.07.27<\/span><\/header><p>Lukas tiesiog ima ir daro. Daro greitai, kokybi\u0161kai, u\u017e protinga kain\u0105 ir svarbiausia laiku. Jums tikrai nereik\u0117s ra\u0161yti Lukui priminimo apie susitarim\u0105.<br \/>\nD\u017eiaugiuosi surad\u0119s ir nuo\u0161ird\u017eiai visiems rekomenduoju i\u0161bandyti!<\/p><div class=\"ut-st-meta-wrap clearfix\"><figure  class=\"ut-st-avatar \"><img alt=\"Giedrius\" src=\"https:\/\/lukenzou.lt\/wp-content\/uploads\/2022\/10\/71497326_10220850764484093_5461045561039781888_n-160x160.jpg\" \/><\/figure><div class=\"ut-st-data-wrap\"><div class=\"ut-st-name\">Giedrius<\/div><p class=\"ut-st-subtitle\">lukenzou.lt klientas<\/p><div class=\"ut-st-rating\"><ul><li class=\"ut-rated\"><i class=\"fa fa-star\"><\/i><\/li><li class=\"ut-rated\"><i class=\"fa fa-star\"><\/i><\/li><li class=\"ut-rated\"><i class=\"fa fa-star\"><\/i><\/li><li class=\"ut-rated\"><i class=\"fa fa-star\"><\/i><\/li><li class=\"ut-rated\"><i class=\"fa fa-star\"><\/i><\/li><\/ul><\/div><\/div><\/div><\/div><\/div><\/div>[\/vc_column][\/vc_row][\/vc_section]<\/p>\n","protected":false},"excerpt":{"rendered":"<p>[vc_section el_name=&#8221;Note: You will find the other content inside the CONTENT BLOCKS&#8221; bklyn_section_anchor_id=&#8221;Clients&#8221;][vc_row delay=&#8221;true&#8221; effect=&#8221;fadeIn&#8221; el_name=&#8221;Row has animation&#8221;][vc_column offset=&#8221;vc_col-lg-offset-2 vc_col-lg-8&#8243;][vc_empty_space height=&#8221;20px&#8221; tablet_height=&#8221;0&#8243; mobile_height=&#8221;0&#8243;][vc_empty_space height=&#8221;80px&#8221; tablet_height=&#8221;0&#8243; mobile_height=&#8221;0&#8243;][\/vc_column][\/vc_row][vc_row el_name=&#8221;Columns have animations&#8221;][vc_column width=&#8221;1\/3&#8243; delay=&#8221;true&#8221; effect=&#8221;fadeIn&#8221; delay_timer=&#8221;250&#8243;][\/vc_column][vc_column width=&#8221;1\/3&#8243; delay=&#8221;true&#8221; effect=&#8221;fadeIn&#8221; delay_timer=&#8221;250&#8243;][\/vc_column][vc_column width=&#8221;1\/3&#8243; delay=&#8221;true&#8221; effect=&#8221;fadeIn&#8221; delay_timer=&#8221;750&#8243;][\/vc_column][\/vc_row][\/vc_section]<\/p>\n","protected":false},"author":1,"featured_media":0,"parent":0,"menu_order":0,"comment_status":"closed","ping_status":"closed","template":"","meta":{"om_disable_all_campaigns":false,"_mi_skip_tracking":false},"aioseo_notices":[],"_links":{"self":[{"href":"https:\/\/lukenzou.lt\/index.php\/wp-json\/wp\/v2\/pages\/4801"}],"collection":[{"href":"https:\/\/lukenzou.lt\/index.php\/wp-json\/wp\/v2\/pages"}],"about":[{"href":"https:\/\/lukenzou.lt\/index.php\/wp-json\/wp\/v2\/types\/page"}],"author":[{"embeddable":true,"href":"https:\/\/lukenzou.lt\/index.php\/wp-json\/wp\/v2\/users\/1"}],"replies":[{"embeddable":true,"href":"https:\/\/lukenzou.lt\/index.php\/wp-json\/wp\/v2\/comments?post=4801"}],"version-history":[{"count":13,"href":"https:\/\/lukenzou.lt\/index.php\/wp-json\/wp\/v2\/pages\/4801\/revisions"}],"predecessor-version":[{"id":6803,"href":"https:\/\/lukenzou.lt\/index.php\/wp-json\/wp\/v2\/pages\/4801\/revisions\/6803"}],"wp:attachment":[{"href":"https:\/\/lukenzou.lt\/index.php\/wp-json\/wp\/v2\/media?parent=4801"}],"curies":[{"name":"wp","href":"https:\/\/api.w.org\/{rel}","templated":true}]}}